{"id":2469,"date":"2022-07-06T16:26:46","date_gmt":"2022-07-06T14:26:46","guid":{"rendered":"https:\/\/akontisma.gr\/ask-to-join\/"},"modified":"2022-07-06T16:26:47","modified_gmt":"2022-07-06T14:26:47","slug":"ask-to-join","status":"publish","type":"page","link":"https:\/\/akontisma.gr\/en\/ask-to-join\/","title":{"rendered":"Ask to Join"},"content":{"rendered":"\t\t<div data-elementor-type=\"wp-page\" data-elementor-id=\"2469\" class=\"elementor elementor-2469 elementor-1808\" data-elementor-post-type=\"page\">\n\t\t\t\t\t\t<section class=\"elementor-section elementor-top-section elementor-element elementor-element-c6b6a76 elementor-section-full_width elementor-section-height-default elementor-section-height-default\" data-id=\"c6b6a76\" data-element_type=\"section\" data-e-type=\"section\" data-settings=\"{&quot;background_background&quot;:&quot;classic&quot;,&quot;sticky&quot;:&quot;top&quot;,&quot;sticky_offset&quot;:100,&quot;sticky_on&quot;:[&quot;desktop&quot;,&quot;tablet&quot;,&quot;mobile&quot;],&quot;sticky_effects_offset&quot;:0,&quot;sticky_anchor_link_offset&quot;:0}\">\n\t\t\t\t\t\t<div class=\"elementor-container elementor-column-gap-default\">\n\t\t\t\t\t<div class=\"elementor-column elementor-col-100 elementor-top-column elementor-element elementor-element-113c139\" data-id=\"113c139\" data-element_type=\"column\" data-e-type=\"column\">\n\t\t\t<div class=\"elementor-widget-wrap elementor-element-populated\">\n\t\t\t\t\t\t<div class=\"elementor-element elementor-element-7b3e3a6 elementor-icon-list--layout-inline elementor-align-center elementor-list-item-link-full_width elementor-widget elementor-widget-icon-list\" data-id=\"7b3e3a6\" data-element_type=\"widget\" data-e-type=\"widget\" data-widget_type=\"icon-list.default\">\n\t\t\t\t\t\t\t<ul class=\"elementor-icon-list-items elementor-inline-items\">\n\t\t\t\t\t\t\t<li class=\"elementor-icon-list-item elementor-inline-item\">\n\t\t\t\t\t\t\t\t\t\t\t<a href=\"#maths\">\n\n\t\t\t\t\t\t\t\t\t\t\t\t<span class=\"elementor-icon-list-icon\">\n\t\t\t\t\t\t\t<i aria-hidden=\"true\" class=\"fas fa-theater-masks\"><\/i>\t\t\t\t\t\t<\/span>\n\t\t\t\t\t\t\t\t\t\t<span class=\"elementor-icon-list-text\">Workshop<\/span>\n\t\t\t\t\t\t\t\t\t\t\t<\/a>\n\t\t\t\t\t\t\t\t\t<\/li>\n\t\t\t\t\t\t\t\t<li class=\"elementor-icon-list-item elementor-inline-item\">\n\t\t\t\t\t\t\t\t\t\t\t<a href=\"#theater\">\n\n\t\t\t\t\t\t\t\t\t\t\t\t<span class=\"elementor-icon-list-icon\">\n\t\t\t\t\t\t\t<i aria-hidden=\"true\" class=\"fas fa-paint-brush\"><\/i>\t\t\t\t\t\t<\/span>\n\t\t\t\t\t\t\t\t\t\t<span class=\"elementor-icon-list-text\">Drama game<\/span>\n\t\t\t\t\t\t\t\t\t\t\t<\/a>\n\t\t\t\t\t\t\t\t\t<\/li>\n\t\t\t\t\t\t\t\t<li class=\"elementor-icon-list-item elementor-inline-item\">\n\t\t\t\t\t\t\t\t\t\t\t<a href=\"#physics\">\n\n\t\t\t\t\t\t\t\t\t\t\t\t<span class=\"elementor-icon-list-icon\">\n\t\t\t\t\t\t\t<i aria-hidden=\"true\" class=\"fas fa-flask\"><\/i>\t\t\t\t\t\t<\/span>\n\t\t\t\t\t\t\t\t\t\t<span class=\"elementor-icon-list-text\">Science experiments<\/span>\n\t\t\t\t\t\t\t\t\t\t\t<\/a>\n\t\t\t\t\t\t\t\t\t<\/li>\n\t\t\t\t\t\t\t\t<li class=\"elementor-icon-list-item elementor-inline-item\">\n\t\t\t\t\t\t\t\t\t\t\t<a href=\"#apply\">\n\n\t\t\t\t\t\t\t\t\t\t\t\t<span class=\"elementor-icon-list-icon\">\n\t\t\t\t\t\t\t<i aria-hidden=\"true\" class=\"fas fa-check\"><\/i>\t\t\t\t\t\t<\/span>\n\t\t\t\t\t\t\t\t\t\t<span class=\"elementor-icon-list-text\">Ask to Join<\/span>\n\t\t\t\t\t\t\t\t\t\t\t<\/a>\n\t\t\t\t\t\t\t\t\t<\/li>\n\t\t\t\t\t\t<\/ul>\n\t\t\t\t\t\t<\/div>\n\t\t\t\t\t<\/div>\n\t\t<\/div>\n\t\t\t\t\t<\/div>\n\t\t<\/section>\n\t\t\t\t<section class=\"elementor-section elementor-top-section elementor-element elementor-element-c6de695 elementor-section-boxed elementor-section-height-default elementor-section-height-default\" data-id=\"c6de695\" data-element_type=\"section\" data-e-type=\"section\" data-settings=\"{&quot;background_background&quot;:&quot;classic&quot;}\">\n\t\t\t\t\t\t<div class=\"elementor-container elementor-column-gap-default\">\n\t\t\t\t\t<div class=\"elementor-column elementor-col-100 elementor-top-column elementor-element elementor-element-ae67e93\" data-id=\"ae67e93\" data-element_type=\"column\" data-e-type=\"column\">\n\t\t\t<div class=\"elementor-widget-wrap elementor-element-populated\">\n\t\t\t\t\t\t<div class=\"elementor-element elementor-element-02ccc8d elementor-widget elementor-widget-menu-anchor\" data-id=\"02ccc8d\" data-element_type=\"widget\" data-e-type=\"widget\" data-widget_type=\"menu-anchor.default\">\n\t\t\t\t\t\t\t<div class=\"elementor-menu-anchor\" id=\"maths\"><\/div>\n\t\t\t\t\t\t<\/div>\n\t\t\t\t<div class=\"elementor-element elementor-element-cfc212c elementor-widget-divider--view-line_text elementor-widget-divider--element-align-center elementor-widget elementor-widget-divider\" data-id=\"cfc212c\" data-element_type=\"widget\" data-e-type=\"widget\" data-widget_type=\"divider.default\">\n\t\t\t\t\t\t\t<div class=\"elementor-divider\">\n\t\t\t<span class=\"elementor-divider-separator\">\n\t\t\t\t\t\t\t<span class=\"elementor-divider__text elementor-divider__element\">\n\t\t\t\t<b>EXHIBITION OF MATHEMATICAL-VISUAL WORKS &amp; WORKSHOP<\/b>\t\t\t\t<\/span>\n\t\t\t\t\t\t<\/span>\n\t\t<\/div>\n\t\t\t\t\t\t<\/div>\n\t\t\t\t<div class=\"elementor-element elementor-element-bcf30ee elementor-widget elementor-widget-text-editor\" data-id=\"bcf30ee\" data-element_type=\"widget\" data-e-type=\"widget\" data-widget_type=\"text-editor.default\">\n\t\t\t\t\t\t\t\t\t<div class=\"UdTY9 qhIQqf\" aria-hidden=\"true\" data-location=\"1\">\n<div class=\"kO6q6e\">SAVVATO 21 AVGOUSTOU 19:15 &#8211; 20:00 Sto pla\u00edsio tou Festiv\u00e1l tha pragmatopoiithe\u00ed m\u00eda \u00c9kthesi mathimatik\u00f3n-eikastik\u00f3n \u00e9rgon ton mathit\u00f3n tou Om\u00edlou Mathimatik\u00f3n tou Peiramatiko\u00fa Lyke\u00edou tou Panepistim\u00edou Makedon\u00edas. Sta \u00e9rga ylopoio\u00fantai diaf\u00f3ron eid\u00f3n isometr\u00edes (metatop\u00edseis, anakl\u00e1seis, olisthanakl\u00e1seis, strof\u00e9s) kai psifid\u00f3seis (plakostr\u00f3seis\/tessellations). Ep\u00edsis, tha pragmatopoiithe\u00ed \u00e9na Ergast\u00edrio to opo\u00edo tha xekin\u00e1 me m\u00eda xen\u00e1gisi stin \u00c9kthesi ton \u00e9rgon ton mathit\u00f3n tou Om\u00edlou Mathimatik\u00f3n. Stin xen\u00e1gisi tha analythe\u00ed to mathimatik\u00f3 yp\u00f3vathro ton \u00e9rgon me ti vo\u00edtheia mont\u00e9lon kai polymesiko\u00fa yliko\u00fa. Sto polymesik\u00f3 ylik\u00f3 exigo\u00fantai optik\u00e1 se periv\u00e1llon dynamik\u00eds geometr\u00edas oi isometr\u00edes kai oi psifid\u00f3seis pou ylopoio\u00fantai se \u00e9rga tou Ollando\u00fa eikastiko\u00fa kallit\u00e9chni M.C. Escher. Sti syn\u00e9cheia oi symmet\u00e9chontes tha dimiourg\u00edsoun ta dik\u00e1 tous eikastik\u00e1 \u00e9rga me mathimatik\u00f3 periech\u00f3meno me ti vo\u00edtheia ton mathit\u00f3n tou Om\u00edlou Mathimatik\u00f3n. Tha anakal\u00fdpsoun p\u00f3s na dimiourgo\u00fan sch\u00e9dia ta opo\u00eda na ylopoio\u00fan diaf\u00f3ron eid\u00f3n isometr\u00edes kai psifid\u00f3seis sto ep\u00edpedo kai tha epicheir\u00edsoun na d\u00f3soun morf\u00ed stis dimiourg\u00edes tous. To Ergast\u00edrio e\u00ednai ev\u00e9likto kai boro\u00fan na to parakolouth\u00edsoun mathit\u00e9s \u00f3lon ton iliki\u00f3n (Dimotiko\u00fa, Gymnas\u00edou, Lyke\u00edou) all\u00e1 kai en\u00edlikoi. Boro\u00fan ep\u00edsis na to parakolouth\u00edsoun gone\u00eds maz\u00ed me ta paidi\u00e1 tous.<\/div>\n<div class=\"zWhQbb\">\u0395\u03bc\u03c6\u03ac\u03bd\u03b9\u03c3\u03b7 \u03c0\u03b5\u03c1\u03b9\u03c3\u03c3\u03cc\u03c4\u03b5\u03c1\u03c9\u03bd<\/div>\n<\/div>\n<div><\/div>\n<div class=\"FFpbKc\">\n<div>\n<div data-show-delay-ms=\"250\" data-append-to-body=\"false\" data-propagate-tooltip-mouseover-events=\"true\" data-anchor-corner=\"bottom-left\" data-enable-skip-handler=\"false\" data-popup-corner=\"top-left\">\n<div>\n<div class=\"VfPpkd-Bz112c-Jh9lGc\"><\/div>\n<div class=\"VfPpkd-Bz112c-RLmnJb\"><\/div>\n<\/div>\n<\/div>\n<\/div>\n<div class=\"r375lc\">\n<div class=\"aJIq1d\" data-language-code=\"auto\" data-language-name=\"\u0391\u03bd\u03b1\u03b3\u03bd\u03ce\u03c1\u03b9\u03c3\u03b7 \u03b3\u03bb\u03ce\u03c3\u03c3\u03b1\u03c2\" data-text=\"\" data-crosslingual-hint=\"null\" data-location=\"1\" data-enable-toggle-playback-speed=\"true\">\n<div data-show-delay-ms=\"250\" data-append-to-body=\"true\" data-propagate-tooltip-mouseover-events=\"true\" data-anchor-corner=\"bottom-left\" data-enable-skip-handler=\"false\" data-popup-corner=\"top-left\">\n<div>\n<div class=\"VfPpkd-Bz112c-Jh9lGc\"><\/div>\n<p><button class=\"VfPpkd-Bz112c-LgbsSe VfPpkd-Bz112c-LgbsSe-OWXEXe-e5LLRc-SxQuSe fzRBVc tmJved mN1ivc SSgGrd m0Qfkd\" lang=\"\" data-idom-class=\"fzRBVc tmJved mN1ivc SSgGrd m0Qfkd\" aria-label=\"\u0391\u03ba\u03c1\u03cc\u03b1\u03c3\u03b7 \u03ba\u03b5\u03b9\u03bc\u03ad\u03bd\u03bf\u03c5 \u03c0\u03b7\u03b3\u03ae\u03c2\" data-aria-label-on=\"\u0394\u03b9\u03b1\u03ba\u03bf\u03c0\u03ae \u03b1\u03ba\u03c1\u03cc\u03b1\u03c3\u03b7\u03c2\" data-aria-label-off=\"\u0391\u03ba\u03c1\u03cc\u03b1\u03c3\u03b7 \u03ba\u03b5\u03b9\u03bc\u03ad\u03bd\u03bf\u03c5 \u03c0\u03b7\u03b3\u03ae\u03c2\"><\/button><button class=\"VfPpkd-Bz112c-LgbsSe VfPpkd-Bz112c-LgbsSe-OWXEXe-e5LLRc-SxQuSe fzRBVc tmJved mN1ivc SSgGrd m0Qfkd\" lang=\"\" data-idom-class=\"fzRBVc tmJved mN1ivc SSgGrd m0Qfkd\" aria-label=\"\u0391\u03ba\u03c1\u03cc\u03b1\u03c3\u03b7 \u03ba\u03b5\u03b9\u03bc\u03ad\u03bd\u03bf\u03c5 \u03c0\u03b7\u03b3\u03ae\u03c2\" data-aria-label-on=\"\u0394\u03b9\u03b1\u03ba\u03bf\u03c0\u03ae \u03b1\u03ba\u03c1\u03cc\u03b1\u03c3\u03b7\u03c2\" data-aria-label-off=\"\u0391\u03ba\u03c1\u03cc\u03b1\u03c3\u03b7 \u03ba\u03b5\u03b9\u03bc\u03ad\u03bd\u03bf\u03c5 \u03c0\u03b7\u03b3\u03ae\u03c2\"><span class=\"material-icons-extended VfPpkd-Bz112c-kBDsod\" aria-hidden=\"true\">volume_up<\/span><\/button><\/p>\n<div class=\"VfPpkd-Bz112c-RLmnJb\"><\/div>\n<\/div>\n<\/div>\n<\/div>\n<\/div>\n<p><span class=\"ZTPlmc\" role=\"img\" aria-label=\"\u03a7\u03c1\u03b7\u03c3\u03b9\u03bc\u03bf\u03c0\u03bf\u03b9\u03bf\u03cd\u03bd\u03c4\u03b1\u03b9 1.318 \u03b1\u03c0\u03cc 5.000 \u03c7\u03b1\u03c1\u03b1\u03ba\u03c4\u03ae\u03c1\u03b5\u03c2\">1.318\u00a0\/\u00a05.000<\/span><\/p>\n<div class=\"nidPne\">\n<div id=\"ow91\" data-show-delay-ms=\"250\" data-append-to-body=\"true\" data-propagate-tooltip-mouseover-events=\"true\" data-anchor-corner=\"bottom-left\" data-enable-skip-handler=\"false\" data-popup-corner=\"top-left\">\n<div>\n<div class=\"scLCMd\">\n<div id=\"itamenu\">\n<div class=\"goog-container goog-container-vertical\" tabindex=\"-1\"><\/div>\n<\/div>\n<\/div>\n<\/div>\n<\/div>\n<\/div>\n<\/div>\n<h2 id=\"ucj-3\" class=\"oBOnKe\">\u0391\u03c0\u03bf\u03c4\u03b5\u03bb\u03ad\u03c3\u03bc\u03b1\u03c4\u03b1 \u03bc\u03b5\u03c4\u03ac\u03c6\u03c1\u03b1\u03c3\u03b7\u03c2<\/h2>\n<div class=\"ZyvIDe\">\n<div class=\"a8FIud X0rvP L6rCcb\" data-apply-responsive-style=\"true\" data-classes=\"\" data-initial-translation-length=\"1318\" data-saved-translation-limit-reached=\"false\">\n<div data-show-delay-ms=\"250\" data-append-to-body=\"false\" data-propagate-tooltip-mouseover-events=\"true\" data-anchor-corner=\"bottom-end\" data-enable-skip-handler=\"false\" data-popup-corner=\"top-end\">\n<div>\n<div class=\"VfPpkd-Bz112c-Jh9lGc\"><\/div>\n<p><button class=\"VfPpkd-Bz112c-LgbsSe VfPpkd-Bz112c-LgbsSe-OWXEXe-e5LLRc-SxQuSe fzRBVc tmJved mN1ivc SSgGrd X86VN\" lang=\"\" disabled=\"disabled\" data-idom-class=\"fzRBVc tmJved mN1ivc SSgGrd X86VN\" aria-label=\"\u0391\u03c0\u03bf\u03b8\u03ae\u03ba\u03b5\u03c5\u03c3\u03b7 \u03bc\u03b5\u03c4\u03ac\u03c6\u03c1\u03b1\u03c3\u03b7\u03c2\" aria-pressed=\"false\"><\/button><button class=\"VfPpkd-Bz112c-LgbsSe VfPpkd-Bz112c-LgbsSe-OWXEXe-e5LLRc-SxQuSe fzRBVc tmJved mN1ivc SSgGrd X86VN\" lang=\"\" disabled=\"disabled\" data-idom-class=\"fzRBVc tmJved mN1ivc SSgGrd X86VN\" aria-label=\"\u0391\u03c0\u03bf\u03b8\u03ae\u03ba\u03b5\u03c5\u03c3\u03b7 \u03bc\u03b5\u03c4\u03ac\u03c6\u03c1\u03b1\u03c3\u03b7\u03c2\" aria-pressed=\"false\"><span class=\"material-icons-extended VfPpkd-Bz112c-kBDsod\" aria-hidden=\"true\">star_border<\/span><\/button><\/p>\n<div class=\"VfPpkd-Bz112c-RLmnJb\"><\/div>\n<\/div>\n<\/div>\n<\/div>\n<\/div>\n<div class=\"dePhmb\" aria-live=\"polite\">\n<div class=\"eyKpYb\" data-language=\"en\" data-original-language=\"el\" data-result-index=\"0\">\n<div class=\"J0lOec\"><span class=\"VIiyi\" lang=\"en\"><span class=\"JLqJ4b\" data-language-for-alternatives=\"en\" data-language-to-translate-into=\"el\" data-phrase-index=\"0\" data-number-of-phrases=\"1\"><span class=\"Q4iAWc\">SATURDAY 21 AUGUST 19:15 &#8211; 20:00 As part of the Festival, there will be an Exhibition of mathematical-visual works by the students of the Mathematics Group of the Experimental High School of the University of Macedonia. Various types of isometries (displacements, reflections, sliding reflections, turns) and tessellations are implemented in the projects. Also, a Workshop will be held which will start with a tour of the Exhibition of the works of the students of the Mathematics Group. The tour will analyze the mathematical background of the projects with the help of models and multimedia material. The multimedia material visually explains in a dynamic geometry environment the isometries and mosaics implemented in the works of the Dutch visual artist M.C. Escher. The participants will then create their own visual works with a mathematical content with the help of the students of the Mathematics Group. They will discover how to create designs that implement various kinds of isometries and mosaics on the plane and will try to give form to their creations. The Workshop is flexible and can be attended by students of all ages (Elementary, Middle School, High School) as well as adults. Parents can also watch it with their children.<\/span><\/span><\/span><\/div>\n<\/div>\n<\/div>\n\t\t\t\t\t\t\t\t<\/div>\n\t\t\t\t\t<\/div>\n\t\t<\/div>\n\t\t\t\t\t<\/div>\n\t\t<\/section>\n\t\t\t\t<section class=\"elementor-section elementor-top-section elementor-element elementor-element-aa2304b elementor-section-boxed elementor-section-height-default elementor-section-height-default\" data-id=\"aa2304b\" data-element_type=\"section\" data-e-type=\"section\" data-settings=\"{&quot;background_background&quot;:&quot;classic&quot;}\">\n\t\t\t\t\t\t<div class=\"elementor-container elementor-column-gap-default\">\n\t\t\t\t\t<div class=\"elementor-column elementor-col-100 elementor-top-column elementor-element elementor-element-51d4c77\" data-id=\"51d4c77\" data-element_type=\"column\" data-e-type=\"column\">\n\t\t\t<div class=\"elementor-widget-wrap elementor-element-populated\">\n\t\t\t\t\t\t<div class=\"elementor-element elementor-element-2112736 elementor-widget elementor-widget-menu-anchor\" data-id=\"2112736\" data-element_type=\"widget\" data-e-type=\"widget\" data-widget_type=\"menu-anchor.default\">\n\t\t\t\t\t\t\t<div class=\"elementor-menu-anchor\" id=\"theater\"><\/div>\n\t\t\t\t\t\t<\/div>\n\t\t\t\t<div class=\"elementor-element elementor-element-be359f6 elementor-widget-divider--view-line_text elementor-widget-divider--element-align-center elementor-widget elementor-widget-divider\" data-id=\"be359f6\" data-element_type=\"widget\" data-e-type=\"widget\" data-widget_type=\"divider.default\">\n\t\t\t\t\t\t\t<div class=\"elementor-divider\">\n\t\t\t<span class=\"elementor-divider-separator\">\n\t\t\t\t\t\t\t<span class=\"elementor-divider__text elementor-divider__element\">\n\t\t\t\t<b>TEACHING PHYSICS THROUGH THE DRAMA GAME METHOD<\/b>\t\t\t\t<\/span>\n\t\t\t\t\t\t<\/span>\n\t\t<\/div>\n\t\t\t\t\t\t<\/div>\n\t\t\t\t<div class=\"elementor-element elementor-element-0ab6fba elementor-widget elementor-widget-text-editor\" data-id=\"0ab6fba\" data-element_type=\"widget\" data-e-type=\"widget\" data-widget_type=\"text-editor.default\">\n\t\t\t\t\t\t\t\t\t<p>SEMINAR DESCRIPTION<\/p>\n<p>The theater game, both as an art form and as a means of learning important concepts, has for years made its presence felt in the area of \u200b\u200bthe educational community. It is recommended for all age groups, as it cultivates the individual&#8217;s social skills in a playful way and offers a wealth of creative stimuli. In this specific laboratory, it will function as a research and intervention tool in the teaching subject of natural sciences. Our purpose is that through the joy and enjoyment of group and experiential work, the participants will be led to learning.<\/p>\n<p>Workshop for children:<\/p>\n<p>SATURDAY 21 AUGUST 18:00 &#8211; 21:00<\/p>\n<p>The water cycle (Ages 6 to 8 years): Duration 1 hour Through a complete theatrical play of four phases children experience the value of the water cycle. On the occasion of this natural phenomenon, they become aware of environmental issues and know the world around them in the way they know how to do it best by playing.<br \/>\nThe Concept of Speed \u200b\u200b(Ages 9 to 12): Duration 1 hour. In everyday life, the term &#8220;velocity&#8221; is used to define how fast or slow an object or body is moving. In this workshop, through playful activities, our little friends will be introduced to this concept and better understand the specific terminology.<br \/>\nStrength &amp; Balance (Teens): Duration 1 hour. What is power? What balance? What does it mean to stand still and what do I change? What is inertia? Through experiential work, teenagers will answer the above questions and clarify theoretically difficult concepts of physics, which are everywhere around them in their daily life.<br \/>\nAdult workshop<\/p>\n<p>SUNDAY 22 AUGUST 18:00 &#8211; 20:00<\/p>\n<p>Teaching of Physics through the theatrical game method: Duration 2 hours. Theatrical play as a means of learning physical concepts is the living proof that art and science exist within each other and at the same time interact. In this case, it is used as an imaginative and creative way that transforms the content of natural sciences into knowledge, keeping the game as the main axis. To participate in the seminar you need:<br \/>\nComfortable clothes<br \/>\nSports shoes<br \/>\nDemonstration of a negative self test<br \/>\nThe maximum number of participants is 25 people.<br \/>\nThe arrival time is set half an hour before the start of the workshop.<\/p>\n\t\t\t\t\t\t\t\t<\/div>\n\t\t\t\t\t<\/div>\n\t\t<\/div>\n\t\t\t\t\t<\/div>\n\t\t<\/section>\n\t\t\t\t<section class=\"elementor-section elementor-top-section elementor-element elementor-element-8b8d0de elementor-section-boxed elementor-section-height-default elementor-section-height-default\" data-id=\"8b8d0de\" data-element_type=\"section\" data-e-type=\"section\" data-settings=\"{&quot;background_background&quot;:&quot;classic&quot;}\">\n\t\t\t\t\t\t<div class=\"elementor-container elementor-column-gap-default\">\n\t\t\t\t\t<div class=\"elementor-column elementor-col-100 elementor-top-column elementor-element elementor-element-4667327\" data-id=\"4667327\" data-element_type=\"column\" data-e-type=\"column\">\n\t\t\t<div class=\"elementor-widget-wrap elementor-element-populated\">\n\t\t\t\t\t\t<div class=\"elementor-element elementor-element-c96baf3 elementor-widget elementor-widget-menu-anchor\" data-id=\"c96baf3\" data-element_type=\"widget\" data-e-type=\"widget\" data-widget_type=\"menu-anchor.default\">\n\t\t\t\t\t\t\t<div class=\"elementor-menu-anchor\" id=\"apply\"><\/div>\n\t\t\t\t\t\t<\/div>\n\t\t\t\t<div class=\"elementor-element elementor-element-46994d1 elementor-widget elementor-widget-heading\" data-id=\"46994d1\" data-element_type=\"widget\" data-e-type=\"widget\" data-widget_type=\"heading.default\">\n\t\t\t\t\t<h2 class=\"elementor-heading-title elementor-size-default\">Ask to join<\/h2>\t\t\t\t<\/div>\n\t\t\t\t\t<\/div>\n\t\t<\/div>\n\t\t\t\t\t<\/div>\n\t\t<\/section>\n\t\t\t\t<\/div>\n\t\t","protected":false},"excerpt":{"rendered":"<p>Workshop Drama game Science experiments Ask to Join EXHIBITION OF MATHEMATICAL-VISUAL WORKS &amp; WORKSHOP SAVVATO 21 AVGOUSTOU 19:15 &#8211; 20:00 Sto pla\u00edsio tou Festiv\u00e1l tha pragmatopoiithe\u00ed m\u00eda \u00c9kthesi mathimatik\u00f3n-eikastik\u00f3n \u00e9rgon ton mathit\u00f3n tou Om\u00edlou Mathimatik\u00f3n tou Peiramatiko\u00fa Lyke\u00edou tou Panepistim\u00edou Makedon\u00edas. Sta \u00e9rga ylopoio\u00fantai diaf\u00f3ron eid\u00f3n isometr\u00edes (metatop\u00edseis, anakl\u00e1seis, olisthanakl\u00e1seis, strof\u00e9s) kai psifid\u00f3seis (plakostr\u00f3seis\/tessellations). Ep\u00edsis, [&hellip;]<\/p>\n","protected":false},"author":1,"featured_media":0,"parent":0,"menu_order":0,"comment_status":"closed","ping_status":"closed","template":"","meta":{"_acf_changed":false,"site-sidebar-layout":"no-sidebar","site-content-layout":"page-builder","ast-site-content-layout":"default","site-content-style":"default","site-sidebar-style":"default","ast-global-header-display":"","ast-banner-title-visibility":"","ast-main-header-display":"","ast-hfb-above-header-display":"","ast-hfb-below-header-display":"","ast-hfb-mobile-header-display":"","site-post-title":"disabled","ast-breadcrumbs-content":"","ast-featured-img":"disabled","footer-sml-layout":"","ast-disable-related-posts":"","theme-transparent-header-meta":"default","adv-header-id-meta":"","stick-header-meta":"","header-above-stick-meta":"","header-main-stick-meta":"","header-below-stick-meta":"","astra-migrate-meta-layouts":"default","ast-page-background-enabled":"default","ast-page-background-meta":{"desktop":{"background-color":"","background-image":"","background-repeat":"repeat","background-position":"center center","background-size":"auto","background-attachment":"scroll","background-type":"","background-media":"","overlay-type":"","overlay-color":"","overlay-opacity":"","overlay-gradient":""},"tablet":{"background-color":"","background-image":"","background-repeat":"repeat","background-position":"center center","background-size":"auto","background-attachment":"scroll","background-type":"","background-media":"","overlay-type":"","overlay-color":"","overlay-opacity":"","overlay-gradient":""},"mobile":{"background-color":"","background-image":"","background-repeat":"repeat","background-position":"center center","background-size":"auto","background-attachment":"scroll","background-type":"","background-media":"","overlay-type":"","overlay-color":"","overlay-opacity":"","overlay-gradient":""}},"ast-content-background-meta":{"desktop":{"background-color":"var(--ast-global-color-5)","background-image":"","background-repeat":"repeat","background-position":"center center","background-size":"auto","background-attachment":"scroll","background-type":"","background-media":"","overlay-type":"","overlay-color":"","overlay-opacity":"","overlay-gradient":""},"tablet":{"background-color":"var(--ast-global-color-5)","background-image":"","background-repeat":"repeat","background-position":"center center","background-size":"auto","background-attachment":"scroll","background-type":"","background-media":"","overlay-type":"","overlay-color":"","overlay-opacity":"","overlay-gradient":""},"mobile":{"background-color":"var(--ast-global-color-5)","background-image":"","background-repeat":"repeat","background-position":"center center","background-size":"auto","background-attachment":"scroll","background-type":"","background-media":"","overlay-type":"","overlay-color":"","overlay-opacity":"","overlay-gradient":""}},"footnotes":""},"class_list":["post-2469","page","type-page","status-publish","hentry"],"acf":[],"_links":{"self":[{"href":"https:\/\/akontisma.gr\/en\/wp-json\/wp\/v2\/pages\/2469","targetHints":{"allow":["GET"]}}],"collection":[{"href":"https:\/\/akontisma.gr\/en\/wp-json\/wp\/v2\/pages"}],"about":[{"href":"https:\/\/akontisma.gr\/en\/wp-json\/wp\/v2\/types\/page"}],"author":[{"embeddable":true,"href":"https:\/\/akontisma.gr\/en\/wp-json\/wp\/v2\/users\/1"}],"replies":[{"embeddable":true,"href":"https:\/\/akontisma.gr\/en\/wp-json\/wp\/v2\/comments?post=2469"}],"version-history":[{"count":1,"href":"https:\/\/akontisma.gr\/en\/wp-json\/wp\/v2\/pages\/2469\/revisions"}],"predecessor-version":[{"id":2470,"href":"https:\/\/akontisma.gr\/en\/wp-json\/wp\/v2\/pages\/2469\/revisions\/2470"}],"wp:attachment":[{"href":"https:\/\/akontisma.gr\/en\/wp-json\/wp\/v2\/media?parent=2469"}],"curies":[{"name":"wp","href":"https:\/\/api.w.org\/{rel}","templated":true}]}}